{"id":21,"date":"2011-12-18T20:26:54","date_gmt":"2011-12-18T19:26:54","guid":{"rendered":"http:\/\/ospc.com.pl\/?page_id=21"},"modified":"2011-12-28T20:40:11","modified_gmt":"2011-12-28T19:40:11","slug":"kontakt","status":"publish","type":"page","link":"https:\/\/ospc.com.pl\/index.php\/kontakt\/","title":{"rendered":"Kontakt"},"content":{"rendered":"<p>Na kontakt czekamy w naszym biurze, spotkanie z prezesem lub rzecznikiem OSPC mo\u017cna um\u00f3wi\u0107 osobi\u015bcie, telefonicznie lub mailowo:<\/p>\n<p>Cz\u0119stochowa,<\/p>\n<p>Al.N.M.P.37<\/p>\n<p>(34)3652270<\/p>\n<p>ospc@onet.pl<\/p>\n<p><span style=\"color: #ffffff;\">.<\/span><\/p>\n<p>NIP: 573-277-59-38<\/p>\n<p>REGON: 241239645<\/p>\n<p>KRS: 332573<\/p>\n<p>NR. RACHUNKU: 84 1160 2202 0000 0001 4266 4952<\/p>\n<p>Je\u017celi chc\u0105 Pa\u0144stwo dokona\u0107 wp\u0142aty na rzecz Stowarzyszenia prosimy o wpisanie w tytule wp\u0142aty-\u00a0<em>darowizna.<\/em><\/p>\n","protected":false},"excerpt":{"rendered":"<p>Na kontakt czekamy w naszym biurze, spotkanie z prezesem lub rzecznikiem OSPC mo\u017cna um\u00f3wi\u0107 osobi\u015bcie, telefonicznie lub mailowo: Cz\u0119stochowa, Al.N.M.P.37 (34)3652270 ospc@onet.pl&#8230;<\/p>\n","protected":false},"author":3,"featured_media":0,"parent":0,"menu_order":6,"comment_status":"closed","ping_status":"open","template":"","meta":[],"_links":{"self":[{"href":"https:\/\/ospc.com.pl\/index.php\/wp-json\/wp\/v2\/pages\/21"}],"collection":[{"href":"https:\/\/ospc.com.pl\/index.php\/wp-json\/wp\/v2\/pages"}],"about":[{"href":"https:\/\/ospc.com.pl\/index.php\/wp-json\/wp\/v2\/types\/page"}],"author":[{"embeddable":true,"href":"https:\/\/ospc.com.pl\/index.php\/wp-json\/wp\/v2\/users\/3"}],"replies":[{"embeddable":true,"href":"https:\/\/ospc.com.pl\/index.php\/wp-json\/wp\/v2\/comments?post=21"}],"version-history":[{"count":6,"href":"https:\/\/ospc.com.pl\/index.php\/wp-json\/wp\/v2\/pages\/21\/revisions"}],"predecessor-version":[{"id":74,"href":"https:\/\/ospc.com.pl\/index.php\/wp-json\/wp\/v2\/pages\/21\/revisions\/74"}],"wp:attachment":[{"href":"https:\/\/ospc.com.pl\/index.php\/wp-json\/wp\/v2\/media?parent=21"}],"curies":[{"name":"wp","href":"https:\/\/api.w.org\/{rel}","templated":true}]}}