{"id":4,"date":"2011-12-18T20:20:47","date_gmt":"2011-12-18T19:20:47","guid":{"rendered":"http:\/\/ospc.com.pl\/?page_id=4"},"modified":"2011-12-31T13:09:10","modified_gmt":"2011-12-31T12:09:10","slug":"o-nas","status":"publish","type":"page","link":"https:\/\/ospc.com.pl\/index.php\/o-nas\/","title":{"rendered":"O nas"},"content":{"rendered":"<div id=\"_mcePaste\" style=\"position: absolute; left: -10000px; top: 0px; width: 1px; height: 1px; overflow-x: hidden; overflow-y: hidden;\">HISTORIA<\/div>\n<div id=\"_mcePaste\" style=\"position: absolute; left: -10000px; top: 0px; width: 1px; height: 1px; overflow-x: hidden; overflow-y: hidden;\">Obywatelskie Stowarzyszenie Przyjaci\u00f3\u0142 Cz\u0119stochowy powsta\u0142o z dniem 30 czerwca 2009<\/div>\n<div id=\"_mcePaste\" style=\"position: absolute; left: -10000px; top: 0px; width: 1px; height: 1px; overflow-x: hidden; overflow-y: hidden;\">roku, kiedy to zosta\u0142o wpisane do Krajowego Rejestru S\u0105dowego. Zainicjowane zosta\u0142o przez<\/div>\n<div id=\"_mcePaste\" style=\"position: absolute; left: -10000px; top: 0px; width: 1px; height: 1px; overflow-x: hidden; overflow-y: hidden;\">cz\u0119stochowskich przedsi\u0119biorc\u00f3w: S\u0142awomira Kocyg\u0119 i Jacka Topczewskiego a stworzyli je ludzie,<\/div>\n<div id=\"_mcePaste\" style=\"position: absolute; left: -10000px; top: 0px; width: 1px; height: 1px; overflow-x: hidden; overflow-y: hidden;\">kt\u00f3rym los Cz\u0119stochowy nie jest oboj\u0119tny.<\/div>\n<div id=\"_mcePaste\" style=\"position: absolute; left: -10000px; top: 0px; width: 1px; height: 1px; overflow-x: hidden; overflow-y: hidden;\">Pomys\u0142 za\u0142o\u017cenia samego Stowarzyszenia wynika\u0142 z sytuacji w jakiej znajdowa\u0142a si\u0119<\/div>\n<div id=\"_mcePaste\" style=\"position: absolute; left: -10000px; top: 0px; width: 1px; height: 1px; overflow-x: hidden; overflow-y: hidden;\">Cz\u0119stochowa. Nieudolne rz\u0105dy \u00f3wczesnego Prezydenta Miasta Tadeusza Wrony zmobilizowa\u0142y<\/div>\n<div id=\"_mcePaste\" style=\"position: absolute; left: -10000px; top: 0px; width: 1px; height: 1px; overflow-x: hidden; overflow-y: hidden;\">mieszka\u0144c\u00f3w do dzia\u0142ania. Brak wizji rozwoju miasta, brak pomys\u0142\u00f3w na pozyskiwanie<\/div>\n<div id=\"_mcePaste\" style=\"position: absolute; left: -10000px; top: 0px; width: 1px; height: 1px; overflow-x: hidden; overflow-y: hidden;\">inwestor\u00f3w oraz dramatyczne wyludnienie to tylko kilka podstawowych zarzut\u00f3w wobec pana<\/div>\n<div id=\"_mcePaste\" style=\"position: absolute; left: -10000px; top: 0px; width: 1px; height: 1px; overflow-x: hidden; overflow-y: hidden;\">Wrony. Cz\u0119stochowianie byli rozczarowani stanem dr\u00f3g miejskich, brakiem inwestor\u00f3w i kiepsk\u0105<\/div>\n<div id=\"_mcePaste\" style=\"position: absolute; left: -10000px; top: 0px; width: 1px; height: 1px; overflow-x: hidden; overflow-y: hidden;\">jako\u015bci\u0105 \u017cycia codziennego mieszka\u0144c\u00f3w. Bior\u0105c pod uwag\u0119 ow\u0105 sytuacj\u0119 postanowili\u015bmy<\/div>\n<div id=\"_mcePaste\" style=\"position: absolute; left: -10000px; top: 0px; width: 1px; height: 1px; overflow-x: hidden; overflow-y: hidden;\">skorzysta\u0107 z jednej z form demokracji bezpo\u015bredniej a mianowicie z referendum. Pierwsze kroki w<\/div>\n<div id=\"_mcePaste\" style=\"position: absolute; left: -10000px; top: 0px; width: 1px; height: 1px; overflow-x: hidden; overflow-y: hidden;\">celu przeprowadzenia referendum w sprawie odwo\u0142ania Prezydenta Miasta Tadeusza Wrony podj\u0119li<\/div>\n<div id=\"_mcePaste\" style=\"position: absolute; left: -10000px; top: 0px; width: 1px; height: 1px; overflow-x: hidden; overflow-y: hidden;\">cz\u0142onkowie OSPC: S\u0142awomir Kocyga, Jacek Topczewski, Leszek Kulawik, Jacek Popio\u0142ek, Jerzy<\/div>\n<div id=\"_mcePaste\" style=\"position: absolute; left: -10000px; top: 0px; width: 1px; height: 1px; overflow-x: hidden; overflow-y: hidden;\">\u0141odzi\u0144ski i Marek Drygas. Cz\u0119stochowianie r\u00f3wnie\u017c nie zawiedli. Pod inicjatyw\u0105 referendum<\/div>\n<div id=\"_mcePaste\" style=\"position: absolute; left: -10000px; top: 0px; width: 1px; height: 1px; overflow-x: hidden; overflow-y: hidden;\">podpisa\u0142o 31 tysi\u0119cy obywateli miasta. Warto wspomnie\u0107, \u017ce jednomy\u015blne poparcie w tej sprawie<\/div>\n<div id=\"_mcePaste\" style=\"position: absolute; left: -10000px; top: 0px; width: 1px; height: 1px; overflow-x: hidden; overflow-y: hidden;\">uzyskali\u015bmy tak\u017ce od partii politycznych: PO, PiS i SLD.<\/div>\n<div id=\"_mcePaste\" style=\"position: absolute; left: -10000px; top: 0px; width: 1px; height: 1px; overflow-x: hidden; overflow-y: hidden;\">27 sierpnia Obywatelski Komitet Referendalny z\u0142o\u017cy\u0142 u Komisarza Wyborczego wniosek o wydanie<\/div>\n<div id=\"_mcePaste\" style=\"position: absolute; left: -10000px; top: 0px; width: 1px; height: 1px; overflow-x: hidden; overflow-y: hidden;\">postanowienia o przeprowadzenie wspomnianego wy\u017cej referendum. Termin referendum<\/div>\n<div id=\"_mcePaste\" style=\"position: absolute; left: -10000px; top: 0px; width: 1px; height: 1px; overflow-x: hidden; overflow-y: hidden;\">wyznaczono na 15 listopada 2009 roku. Po raz kolejny okaza\u0142o si\u0119, \u017ce cz\u0119stochowianie s\u0105 ambitni i<\/div>\n<div id=\"_mcePaste\" style=\"position: absolute; left: -10000px; top: 0px; width: 1px; height: 1px; overflow-x: hidden; overflow-y: hidden;\">wiele oczekuj\u0105 od os\u00f3b sprawuj\u0105cych w\u0142adz\u0119. Ponad 21 procent mieszka\u0144c\u00f3w wzi\u0119\u0142o udzia\u0142 w<\/div>\n<div id=\"_mcePaste\" style=\"position: absolute; left: -10000px; top: 0px; width: 1px; height: 1px; overflow-x: hidden; overflow-y: hidden;\">referendum, Za odwo\u0142aniem Tadeusza Wrony opowiedzia\u0142o si\u0119 ponad 39 tysi\u0119cy os\u00f3b. To<\/div>\n<div id=\"_mcePaste\" style=\"position: absolute; left: -10000px; top: 0px; width: 1px; height: 1px; overflow-x: hidden; overflow-y: hidden;\">niew\u0105tpliwy sukces. Sukces nie tylko dla naszego Stowarzyszenia, ale przede wszystkim dla ca\u0142ej<\/div>\n<div id=\"_mcePaste\" style=\"position: absolute; left: -10000px; top: 0px; width: 1px; height: 1px; overflow-x: hidden; overflow-y: hidden;\">Cz\u0119stochowy. Mieszka\u0144cy dali wraz temu, \u017ce maj\u0105 bezpo\u015bredni wp\u0142yw na w\u0142adz\u0119. To wyj\u0105tkowy,<\/div>\n<div id=\"_mcePaste\" style=\"position: absolute; left: -10000px; top: 0px; width: 1px; height: 1px; overflow-x: hidden; overflow-y: hidden;\">unikalny i dotychczas niespotykany w naszym mie\u015bcie zryw spo\u0142eczny. Wygra\u0142a demokracja!<\/div>\n<div id=\"_mcePaste\" style=\"position: absolute; left: -10000px; top: 0px; width: 1px; height: 1px; overflow-x: hidden; overflow-y: hidden;\">Rz\u0105dz\u0105cy musz\u0105 pami\u0119ta\u0107, \u017ce s\u0105 rozliczani za wszystkie swoje dzia\u0142ania jak i za ich brak.<\/div>\n<div id=\"_mcePaste\" style=\"position: absolute; left: -10000px; top: 0px; width: 1px; height: 1px; overflow-x: hidden; overflow-y: hidden;\">Powodzenie referendum by\u0142o wydarzeniem na skal\u0119 krajow\u0105. W \u015blad za nami posz\u0142a \u0141\u00f3d\u017a. Tam<\/div>\n<div id=\"_mcePaste\" style=\"position: absolute; left: -10000px; top: 0px; width: 1px; height: 1px; overflow-x: hidden; overflow-y: hidden;\">referendum w sprawie odwo\u0142ania Prezydenta Miasta odby\u0142o si\u0119 w styczniu 2010 roku. Inicjatorzy<\/div>\n<div id=\"_mcePaste\" style=\"position: absolute; left: -10000px; top: 0px; width: 1px; height: 1px; overflow-x: hidden; overflow-y: hidden;\">wzorowali si\u0119 na naszych dzia\u0142aniach i konsultowali z nami swoje posuni\u0119cia. Cieszymy si\u0119, \u017ce<\/div>\n<div id=\"_mcePaste\" style=\"position: absolute; left: -10000px; top: 0px; width: 1px; height: 1px; overflow-x: hidden; overflow-y: hidden;\">przyczynili\u015bmy si\u0119 do sukcesu \u0142odzian, kt\u00f3rzy skutecznie odwo\u0142ali Prezydenta Jerzego<\/div>\n<div id=\"_mcePaste\" style=\"position: absolute; left: -10000px; top: 0px; width: 1px; height: 1px; overflow-x: hidden; overflow-y: hidden;\">Kropiwnickiego.<\/div>\n<div id=\"_mcePaste\" style=\"position: absolute; left: -10000px; top: 0px; width: 1px; height: 1px; overflow-x: hidden; overflow-y: hidden;\">Wy\u017cej opisane wydarzenie doda\u0142o nam skrzyde\u0142 do dalszej walki o lepsze funkcjonowanie<\/div>\n<div id=\"_mcePaste\" style=\"position: absolute; left: -10000px; top: 0px; width: 1px; height: 1px; overflow-x: hidden; overflow-y: hidden;\">miasta. Kolejnym przedsi\u0119wzi\u0119ciem jakim si\u0119 zaj\u0119li\u015bmy by\u0142o stworzenie takiego projektu Alej<\/div>\n<div style=\"color: #242424; font-family: verdana; font-size: 11px; line-height: 17px; text-align: left;\">Pomys\u0142 utworzenia Obywatelskiego Stowarzyszenia Przyjaci\u00f3\u0142 Cz\u0119stochowy wynika\u0142 z sytuacji w jakiej w 2009 roku znajdowa\u0142a si\u0119 Cz\u0119stochowa. Nieudolne rz\u0105dy \u00f3wczesnego Prezydenta Miasta Tadeusza Wrony i marazm w jakim tkwi\u0142o miasto zmobilizowa\u0142o kilku cz\u0119stochowskich przedsi\u0119biorc\u00f3w do dzia\u0142ania. W \u015blad za nimi poszli obywatele miasta. I tak wsp\u00f3lnymi si\u0142ami osi\u0105gn\u0119li\u015bmy zamierzone cele- najpierw referendum a potem odwo\u0142anie Prezydenta. To by\u0142 prze\u0142omowy moment, gdy\u017c zdali\u015bmy sobie spraw\u0119, \u017ce w Cz\u0119stochowie potrzebna jest taka\u00a0<span style=\"line-height: 16px;\">instytucja obywatelska, kt\u00f3ra patrzy\u0142aby na r\u0119ce w\u0142adzy lokalnej. Chcieliby\u015bmy w zwi\u0105zku z tym, aby Stowarzyszenie by\u0142o ?g\u0142osem? nastroj\u00f3w spo\u0142ecznych, dlatego zapraszamy mieszka\u0144c\u00f3w do wsp\u00f3\u0142pracy.<\/span><\/div>\n<div style=\"color: #242424; font-family: verdana; font-size: 11px; line-height: 17px; text-align: left;\">Je\u017celi chcesz mie\u0107 realny wp\u0142yw na to co dzieje si\u0119 w Cz\u0119stochowie, a losy miasta nie s\u0105 Ci oboj\u0119tne zapraszamy do wst\u0105pienia do OSPC.<\/div>\n<div id=\"_mcePaste\" style=\"position: absolute; left: -10000px; top: 0px; width: 1px; height: 1px; overflow-x: hidden; overflow-y: hidden;\">N.M.P. oraz Placu Biega\u0144skiego, kt\u00f3ry \u0142\u0105czy\u0142by interesy mieszka\u0144c\u00f3w Cz\u0119stochowy,<\/div>\n","protected":false},"excerpt":{"rendered":"<p>HISTORIA Obywatelskie Stowarzyszenie Przyjaci\u00f3\u0142 Cz\u0119stochowy powsta\u0142o z dniem 30 czerwca 2009 roku, kiedy to zosta\u0142o wpisane do Krajowego Rejestru S\u0105dowego. Zainicjowane zosta\u0142o&#8230;<\/p>\n","protected":false},"author":3,"featured_media":0,"parent":0,"menu_order":2,"comment_status":"closed","ping_status":"closed","template":"","meta":[],"_links":{"self":[{"href":"https:\/\/ospc.com.pl\/index.php\/wp-json\/wp\/v2\/pages\/4"}],"collection":[{"href":"https:\/\/ospc.com.pl\/index.php\/wp-json\/wp\/v2\/pages"}],"about":[{"href":"https:\/\/ospc.com.pl\/index.php\/wp-json\/wp\/v2\/types\/page"}],"author":[{"embeddable":true,"href":"https:\/\/ospc.com.pl\/index.php\/wp-json\/wp\/v2\/users\/3"}],"replies":[{"embeddable":true,"href":"https:\/\/ospc.com.pl\/index.php\/wp-json\/wp\/v2\/comments?post=4"}],"version-history":[{"count":10,"href":"https:\/\/ospc.com.pl\/index.php\/wp-json\/wp\/v2\/pages\/4\/revisions"}],"predecessor-version":[{"id":43,"href":"https:\/\/ospc.com.pl\/index.php\/wp-json\/wp\/v2\/pages\/4\/revisions\/43"}],"wp:attachment":[{"href":"https:\/\/ospc.com.pl\/index.php\/wp-json\/wp\/v2\/media?parent=4"}],"curies":[{"name":"wp","href":"https:\/\/api.w.org\/{rel}","templated":true}]}}